{"id":420,"date":"2019-05-28T16:15:03","date_gmt":"2019-05-28T14:15:03","guid":{"rendered":"https:\/\/demenager-bruxelles.be\/realization-of-websites\/"},"modified":"2019-05-28T16:15:32","modified_gmt":"2019-05-28T14:15:32","slug":"realization-of-websites","status":"publish","type":"page","link":"https:\/\/demenager-bruxelles.be\/en\/realization-of-websites\/","title":{"rendered":"Realization of websites"},"content":{"rendered":"\n<p>This website <strong><a href=\"http:\/\/www.demenager-bruxelles.be\/\">\u201cEURO LIFT EXPRESS\u201d<\/a><\/strong>\u00a0was created by <a href=\"http:\/\/www.oye-oye.net\/\" target=\"_blank\" rel=\"noreferrer noopener\"><strong><em>OY\u00c9-OY\u00c9\u00a0<\/em><\/strong>\u00a9<\/a>, the <strong>web agency<\/strong> of \u00a0<a href=\"http:\/\/www.petitfute.com\/p242-belgique\/\" target=\"_blank\" rel=\"noreferrer noopener\">Petit Fut\u00e9 Belgique<\/a>.<\/p>\n\n<p><strong>OY\u00c9-OY\u00c9<\/strong> has built the right solution to effectively promote \u00a0<strong>\u201cEURO LIFT EXPRESS\u201d\u00a0<\/strong>on the web.<\/p>\n\n<p>First of all by creating this functional website and especially by forging links with the major players on the web (social networks, platforms\u2026) to obtain higher visibility.<\/p>\n\n<p><strong>OYE-OYE<\/strong> has been active in communication since 1989 in the HORECA (restaurants), LEISURE and TOURISM sectors (with the guides Petit Fut\u00e9 in <strong>Brussels<\/strong> and <strong>Belgium<\/strong>) and started on the web since 2001.\r\nToday Oy\u00e9 Oy\u00e9 provides its customers with efficient and trendy tools. In a most transparent fashion all has been put in place for the managers of <strong>\u201cEURO LIFT EXPRESS\u201d<\/strong> to be able to act independently and give their business a more visible and permanent presence on the web.<\/p>\n","protected":false},"excerpt":{"rendered":"<p>This website \u201cEURO LIFT EXPRESS\u201d\u00a0was created by OY\u00c9-OY\u00c9\u00a0\u00a9, the web agency of \u00a0Petit Fut\u00e9 Belgique. OY\u00c9-OY\u00c9 has built the right solution to effectively promote \u00a0\u201cEURO LIFT EXPRESS\u201d\u00a0on the web. First of all by creating this functional website and especially by forging links with the major players on the web (social networks, platforms\u2026) to obtain higher [&hellip;]<\/p>\n","protected":false},"author":2,"featured_media":0,"parent":0,"menu_order":0,"comment_status":"closed","ping_status":"closed","template":"","meta":{"_exactmetrics_skip_tracking":false,"_exactmetrics_sitenote_active":false,"_exactmetrics_sitenote_note":"","_exactmetrics_sitenote_category":0,"footnotes":""},"class_list":["post-420","page","type-page","status-publish","hentry"],"yoast_head":"<!-- This site is optimized with the Yoast SEO plugin v27.3 - https:\/\/yoast.com\/product\/yoast-seo-wordpress\/ -->\n<title>Realization of websites - Euro Lift Express<\/title>\n<meta name=\"robots\" content=\"index, follow, max-snippet:-1, max-image-preview:large, max-video-preview:-1\" \/>\n<link rel=\"canonical\" href=\"https:\/\/demenager-bruxelles.be\/en\/realization-of-websites\/\" \/>\n<meta property=\"og:locale\" content=\"en_US\" \/>\n<meta property=\"og:type\" content=\"article\" \/>\n<meta property=\"og:title\" content=\"Realization of websites - Euro Lift Express\" \/>\n<meta property=\"og:description\" content=\"This website \u201cEURO LIFT EXPRESS\u201d\u00a0was created by OY\u00c9-OY\u00c9\u00a0\u00a9, the web agency of \u00a0Petit Fut\u00e9 Belgique. OY\u00c9-OY\u00c9 has built the right solution to effectively promote \u00a0\u201cEURO LIFT EXPRESS\u201d\u00a0on the web. First of all by creating this functional website and especially by forging links with the major players on the web (social networks, platforms\u2026) to obtain higher [&hellip;]\" \/>\n<meta property=\"og:url\" content=\"https:\/\/demenager-bruxelles.be\/en\/realization-of-websites\/\" \/>\n<meta property=\"og:site_name\" content=\"Euro Lift Express\" \/>\n<meta property=\"article:modified_time\" content=\"2019-05-28T14:15:32+00:00\" \/>\n<meta name=\"twitter:card\" content=\"summary_large_image\" \/>\n<meta name=\"twitter:label1\" content=\"Est. reading time\" \/>\n\t<meta name=\"twitter:data1\" content=\"1 minute\" \/>\n<script type=\"application\/ld+json\" class=\"yoast-schema-graph\">{\"@context\":\"https:\\\/\\\/schema.org\",\"@graph\":[{\"@type\":\"WebPage\",\"@id\":\"https:\\\/\\\/demenager-bruxelles.be\\\/en\\\/realization-of-websites\\\/\",\"url\":\"https:\\\/\\\/demenager-bruxelles.be\\\/en\\\/realization-of-websites\\\/\",\"name\":\"Realization of websites - Euro Lift Express\",\"isPartOf\":{\"@id\":\"https:\\\/\\\/demenager-bruxelles.be\\\/#website\"},\"datePublished\":\"2019-05-28T14:15:03+00:00\",\"dateModified\":\"2019-05-28T14:15:32+00:00\",\"breadcrumb\":{\"@id\":\"https:\\\/\\\/demenager-bruxelles.be\\\/en\\\/realization-of-websites\\\/#breadcrumb\"},\"inLanguage\":\"en-US\",\"potentialAction\":[{\"@type\":\"ReadAction\",\"target\":[\"https:\\\/\\\/demenager-bruxelles.be\\\/en\\\/realization-of-websites\\\/\"]}]},{\"@type\":\"BreadcrumbList\",\"@id\":\"https:\\\/\\\/demenager-bruxelles.be\\\/en\\\/realization-of-websites\\\/#breadcrumb\",\"itemListElement\":[{\"@type\":\"ListItem\",\"position\":1,\"name\":\"Accueil\",\"item\":\"https:\\\/\\\/demenager-bruxelles.be\\\/en\\\/\"},{\"@type\":\"ListItem\",\"position\":2,\"name\":\"Realization of websites\"}]},{\"@type\":\"WebSite\",\"@id\":\"https:\\\/\\\/demenager-bruxelles.be\\\/#website\",\"url\":\"https:\\\/\\\/demenager-bruxelles.be\\\/\",\"name\":\"Euro Lift Express\",\"description\":\"D\u00e9m\u00e9nagement et Lift\",\"potentialAction\":[{\"@type\":\"SearchAction\",\"target\":{\"@type\":\"EntryPoint\",\"urlTemplate\":\"https:\\\/\\\/demenager-bruxelles.be\\\/?s={search_term_string}\"},\"query-input\":{\"@type\":\"PropertyValueSpecification\",\"valueRequired\":true,\"valueName\":\"search_term_string\"}}],\"inLanguage\":\"en-US\"}]}<\/script>\n<!-- \/ Yoast SEO plugin. -->","yoast_head_json":{"title":"Realization of websites - Euro Lift Express","robots":{"index":"index","follow":"follow","max-snippet":"max-snippet:-1","max-image-preview":"max-image-preview:large","max-video-preview":"max-video-preview:-1"},"canonical":"https:\/\/demenager-bruxelles.be\/en\/realization-of-websites\/","og_locale":"en_US","og_type":"article","og_title":"Realization of websites - Euro Lift Express","og_description":"This website \u201cEURO LIFT EXPRESS\u201d\u00a0was created by OY\u00c9-OY\u00c9\u00a0\u00a9, the web agency of \u00a0Petit Fut\u00e9 Belgique. OY\u00c9-OY\u00c9 has built the right solution to effectively promote \u00a0\u201cEURO LIFT EXPRESS\u201d\u00a0on the web. First of all by creating this functional website and especially by forging links with the major players on the web (social networks, platforms\u2026) to obtain higher [&hellip;]","og_url":"https:\/\/demenager-bruxelles.be\/en\/realization-of-websites\/","og_site_name":"Euro Lift Express","article_modified_time":"2019-05-28T14:15:32+00:00","twitter_card":"summary_large_image","twitter_misc":{"Est. reading time":"1 minute"},"schema":{"@context":"https:\/\/schema.org","@graph":[{"@type":"WebPage","@id":"https:\/\/demenager-bruxelles.be\/en\/realization-of-websites\/","url":"https:\/\/demenager-bruxelles.be\/en\/realization-of-websites\/","name":"Realization of websites - Euro Lift Express","isPartOf":{"@id":"https:\/\/demenager-bruxelles.be\/#website"},"datePublished":"2019-05-28T14:15:03+00:00","dateModified":"2019-05-28T14:15:32+00:00","breadcrumb":{"@id":"https:\/\/demenager-bruxelles.be\/en\/realization-of-websites\/#breadcrumb"},"inLanguage":"en-US","potentialAction":[{"@type":"ReadAction","target":["https:\/\/demenager-bruxelles.be\/en\/realization-of-websites\/"]}]},{"@type":"BreadcrumbList","@id":"https:\/\/demenager-bruxelles.be\/en\/realization-of-websites\/#breadcrumb","itemListElement":[{"@type":"ListItem","position":1,"name":"Accueil","item":"https:\/\/demenager-bruxelles.be\/en\/"},{"@type":"ListItem","position":2,"name":"Realization of websites"}]},{"@type":"WebSite","@id":"https:\/\/demenager-bruxelles.be\/#website","url":"https:\/\/demenager-bruxelles.be\/","name":"Euro Lift Express","description":"D\u00e9m\u00e9nagement et Lift","potentialAction":[{"@type":"SearchAction","target":{"@type":"EntryPoint","urlTemplate":"https:\/\/demenager-bruxelles.be\/?s={search_term_string}"},"query-input":{"@type":"PropertyValueSpecification","valueRequired":true,"valueName":"search_term_string"}}],"inLanguage":"en-US"}]}},"_links":{"self":[{"href":"https:\/\/demenager-bruxelles.be\/en\/wp-json\/wp\/v2\/pages\/420","targetHints":{"allow":["GET"]}}],"collection":[{"href":"https:\/\/demenager-bruxelles.be\/en\/wp-json\/wp\/v2\/pages"}],"about":[{"href":"https:\/\/demenager-bruxelles.be\/en\/wp-json\/wp\/v2\/types\/page"}],"author":[{"embeddable":true,"href":"https:\/\/demenager-bruxelles.be\/en\/wp-json\/wp\/v2\/users\/2"}],"replies":[{"embeddable":true,"href":"https:\/\/demenager-bruxelles.be\/en\/wp-json\/wp\/v2\/comments?post=420"}],"version-history":[{"count":3,"href":"https:\/\/demenager-bruxelles.be\/en\/wp-json\/wp\/v2\/pages\/420\/revisions"}],"predecessor-version":[{"id":423,"href":"https:\/\/demenager-bruxelles.be\/en\/wp-json\/wp\/v2\/pages\/420\/revisions\/423"}],"wp:attachment":[{"href":"https:\/\/demenager-bruxelles.be\/en\/wp-json\/wp\/v2\/media?parent=420"}],"curies":[{"name":"wp","href":"https:\/\/api.w.org\/{rel}","templated":true}]}}