{"id":359,"date":"2019-05-28T14:25:56","date_gmt":"2019-05-28T12:25:56","guid":{"rendered":"https:\/\/demenager-bruxelles.be\/removals-and-furniture-lift-services\/"},"modified":"2025-02-23T10:55:05","modified_gmt":"2025-02-23T09:55:05","slug":"removals-and-furniture-lift-services","status":"publish","type":"page","link":"https:\/\/demenager-bruxelles.be\/en\/","title":{"rendered":"Removals and furniture Lift services"},"content":{"rendered":"<div id='full_slider_1'  class='avia-fullwidth-slider main_color avia-shadow   avia-builder-el-0  el_before_av_section  avia-builder-el-first   container_wrap fullsize'  ><div  class='avia-slideshow av-jtu5khv9-5e82846e7e314cdb195d782bd74e3bbc avia-slideshow-featured av_slideshow_full avia-slide-slider av-slideshow-ui av-control-default av-slideshow-manual av-loop-once av-loop-manual-endless av-default-height-applied   avia-slideshow-1' data-slideshow-options=\"{&quot;animation&quot;:&quot;slide&quot;,&quot;autoplay&quot;:false,&quot;loop_autoplay&quot;:&quot;once&quot;,&quot;interval&quot;:5,&quot;loop_manual&quot;:&quot;manual-endless&quot;,&quot;autoplay_stopper&quot;:false,&quot;noNavigation&quot;:false,&quot;bg_slider&quot;:false,&quot;keep_padding&quot;:false,&quot;hoverpause&quot;:false,&quot;show_slide_delay&quot;:0}\"  itemprop=\"image\" itemscope=\"itemscope\" itemtype=\"https:\/\/schema.org\/ImageObject\" ><ul class='avia-slideshow-inner ' style='padding-bottom: 28.666666666667%;'><li  class='avia-slideshow-slide av-jtu5khv9-5e82846e7e314cdb195d782bd74e3bbc__0  av-single-slide slide-1 slide-odd'><div data-rel='slideshow-1' class='avia-slide-wrap '   ><img decoding=\"async\" fetchpriority=\"high\" class=\"wp-image-324 avia-img-lazy-loading-not-324\"  src=\"https:\/\/demenager-bruxelles.be\/wp-content\/uploads\/sites\/11\/2019\/05\/Euro-lift-transport-express-GrandPlace-1500x430.jpg\" width=\"1500\" height=\"430\" title='Euro-lift-transport-express-GrandPlace' alt=''  itemprop=\"thumbnailUrl\"   \/><\/div><\/li><\/ul><\/div><\/div>\n<div id='av_section_1'  class='avia-section av-jtu5la5x-25356113bef05cc7625e8081f4431c3e footer_color avia-section-small avia-no-border-styling  avia-builder-el-1  el_after_av_slideshow_full  el_before_av_section  avia-bg-style-scroll container_wrap fullsize'  ><div class='container av-section-cont-open' ><div class='template-page content  av-content-full alpha units'><div class='post-entry post-entry-type-page post-entry-359'><div class='entry-content-wrapper clearfix'>\n\n<style type=\"text\/css\" data-created_by=\"avia_inline_auto\" id=\"style-css-av-jtu69gsi-acf16f8883640394550ac2af71694976\">\n#top .av-special-heading.av-jtu69gsi-acf16f8883640394550ac2af71694976{\npadding-bottom:25px;\n}\nbody .av-special-heading.av-jtu69gsi-acf16f8883640394550ac2af71694976 .av-special-heading-tag .heading-char{\nfont-size:25px;\n}\n.av-special-heading.av-jtu69gsi-acf16f8883640394550ac2af71694976 .av-subheading{\nfont-size:25px;\n}\n<\/style>\n<div  class='av-special-heading av-jtu69gsi-acf16f8883640394550ac2af71694976 av-special-heading-h1 blockquote modern-quote modern-centered  avia-builder-el-2  el_before_av_button  avia-builder-el-first '><h1 class='av-special-heading-tag '  itemprop=\"headline\"  >National and International : Removals and furniture Lift services<\/h1><div class=\"special-heading-border\"><div class=\"special-heading-inner-border\"><\/div><\/div><\/div>\n<div  class='avia-button-wrap av-jtu5ndyq-ba22cc5a1dceb3285ccb7ff4a1bcc8af-wrap avia-button-center  avia-builder-el-3  el_after_av_heading  avia-builder-el-last '><a href='http:\/\/www.devis-gratuit-demenagements.be\/en'  class='avia-button av-jtu5ndyq-ba22cc5a1dceb3285ccb7ff4a1bcc8af av-link-btn avia-icon_select-no avia-size-x-large avia-position-center avia-color-light'   aria-label=\"Request a quote for FREE\"><span class='avia_iconbox_title' >Request a quote for FREE<\/span><\/a><\/div>\n\n<\/div><\/div><\/div><!-- close content main div --><\/div><\/div><div id='av_section_2'  class='avia-section av-7vdq-f579b868dfc363afe6834ac09d0bed20 main_color avia-section-default avia-no-border-styling  avia-builder-el-4  el_after_av_section  avia-builder-el-last  avia-bg-style-scroll container_wrap fullsize'  ><div class='container av-section-cont-open' ><div class='template-page content  av-content-full alpha units'><div class='post-entry post-entry-type-page post-entry-359'><div class='entry-content-wrapper clearfix'>\n\n<style type=\"text\/css\" data-created_by=\"avia_inline_auto\" id=\"style-css-av-5e7g-08b83cee1c23b2c9e422288af95a59b5\">\n.flex_column.av-5e7g-08b83cee1c23b2c9e422288af95a59b5{\nborder-radius:0px 0px 0px 0px;\npadding:0px 0px 0px 0px;\n}\n<\/style>\n<div  class='flex_column av-5e7g-08b83cee1c23b2c9e422288af95a59b5 av_two_third  avia-builder-el-5  el_before_av_one_third  avia-builder-el-first  first flex_column_div av-zero-column-padding  '     ><section  class='av_textblock_section av-jtu05ssf-76274403f289610b5ed5af3c76957b70 '   itemscope=\"itemscope\" itemtype=\"https:\/\/schema.org\/CreativeWork\" ><div class='avia_textblock'  itemprop=\"text\" ><p><strong>Euro Lift Express<\/strong> is a <strong>family company specialising in removals and furniture lift services<\/strong>. Our removals and elevator services are specifically catered to our client\u2019s needs. We cover all types of removal: from studio to office spaces. We guarantee to take great care of your valuables, art pieces, pianos, etc. A solution to your every problem! We will gladly provide a <strong>quote for free<\/strong> to evaluate situation and can provide packing material. <\/p>\n<p>Euro Lift Express has been active in the moving sector for more than 20 years. We offer a wide range of services at competitive rates: <\/p>\n<\/div><\/section><br \/>\n\n<style type=\"text\/css\" data-created_by=\"avia_inline_auto\" id=\"style-css-av-jtu5z8n2-e2678fc58125f0f24c7fd8abc9b728d9\">\n#top .avia-icon-list-container.av-jtu5z8n2-e2678fc58125f0f24c7fd8abc9b728d9 .iconlist_icon{\ncolor:#ffde05;\n}\n#top .avia-icon-list-container.av-jtu5z8n2-e2678fc58125f0f24c7fd8abc9b728d9 .iconlist_icon svg:first-child{\nstroke:#ffde05;\nfill:#ffde05;\n}\n#top #wrap_all .avia-icon-list-container.av-jtu5z8n2-e2678fc58125f0f24c7fd8abc9b728d9 .av_iconlist_title{\ncolor:#042148;\n}\n<\/style>\n<div  class='avia-icon-list-container av-jtu5z8n2-e2678fc58125f0f24c7fd8abc9b728d9  avia-builder-el-7  el_after_av_textblock  avia-builder-el-last '><ul class='avia-icon-list avia_animate_when_almost_visible avia-icon-list-left av-iconlist-small av-jtu5z8n2-e2678fc58125f0f24c7fd8abc9b728d9 avia-iconlist-animate'>\n<li><div class='iconlist_icon av-gvt6-51df42ea5574f4866e5f1caadaad47e9 avia-font-entypo-fontello avia-iconfont avia-font-entypo-fontello'><span class='av-icon-char' data-av_icon='\ue812' data-av_iconfont='entypo-fontello' aria-hidden=\"true\"><\/span><\/div><article class=\"article-icon-entry av-iconlist-empty\"  itemscope=\"itemscope\" itemtype=\"https:\/\/schema.org\/CreativeWork\" ><div class=\"iconlist_content_wrap\"><header class=\"entry-content-header\" aria-label=\"Icon: Furniture lift to 1&lt;sup&gt;st&lt;\/sup&gt; up to 17&lt;sup&gt;th&lt;\/sup&gt; floor, truck mounted furniture hoists, trailer mounted furniture hoists, GEDA ladder hoists\"><div class='av_iconlist_title iconlist_title_small  av_inherit_color'  itemprop=\"headline\" >Furniture lift to 1<sup>st<\/sup> up to 17<sup>th<\/sup> floor, truck mounted furniture hoists, trailer mounted furniture hoists, GEDA ladder hoists<\/div><\/header><div class='iconlist_content '  itemprop=\"text\" ><\/div><\/div><footer class=\"entry-footer\"><\/footer><\/article><div class=\"iconlist-timeline\"><\/div><\/li>\n<li><div class='iconlist_icon av-dg9o-1c3fe3ac1f9b51d71ae736618c66afbe avia-font-entypo-fontello avia-iconfont avia-font-entypo-fontello'><span class='av-icon-char' data-av_icon='\ue812' data-av_iconfont='entypo-fontello' aria-hidden=\"true\"><\/span><\/div><article class=\"article-icon-entry av-iconlist-empty\"  itemscope=\"itemscope\" itemtype=\"https:\/\/schema.org\/CreativeWork\" ><div class=\"iconlist_content_wrap\"><header class=\"entry-content-header\" aria-label=\"Icon: International removal services for individuals and companies\"><div class='av_iconlist_title iconlist_title_small  av_inherit_color'  itemprop=\"headline\" >International removal services for individuals and companies<\/div><\/header><div class='iconlist_content '  itemprop=\"text\" ><\/div><\/div><footer class=\"entry-footer\"><\/footer><\/article><div class=\"iconlist-timeline\"><\/div><\/li>\n<li><div class='iconlist_icon av-cojw-f23f464ea0db4f96b75df8ac20802a32 avia-font-entypo-fontello avia-iconfont avia-font-entypo-fontello'><span class='av-icon-char' data-av_icon='\ue812' data-av_iconfont='entypo-fontello' aria-hidden=\"true\"><\/span><\/div><article class=\"article-icon-entry av-iconlist-empty\"  itemscope=\"itemscope\" itemtype=\"https:\/\/schema.org\/CreativeWork\" ><div class=\"iconlist_content_wrap\"><header class=\"entry-content-header\" aria-label=\"Icon: Transport and livery services\"><div class='av_iconlist_title iconlist_title_small  av_inherit_color'  itemprop=\"headline\" >Transport and livery services<\/div><\/header><div class='iconlist_content '  itemprop=\"text\" ><\/div><\/div><footer class=\"entry-footer\"><\/footer><\/article><div class=\"iconlist-timeline\"><\/div><\/li>\n<li><div class='iconlist_icon av-9uvm-b25ae196df2203579c84ef4c1a42791f avia-font-entypo-fontello avia-iconfont avia-font-entypo-fontello'><span class='av-icon-char' data-av_icon='\ue812' data-av_iconfont='entypo-fontello' aria-hidden=\"true\"><\/span><\/div><article class=\"article-icon-entry av-iconlist-empty\"  itemscope=\"itemscope\" itemtype=\"https:\/\/schema.org\/CreativeWork\" ><div class=\"iconlist_content_wrap\"><header class=\"entry-content-header\" aria-label=\"Icon: Disassembly and reassembly of Furniture\"><div class='av_iconlist_title iconlist_title_small  av_inherit_color'  itemprop=\"headline\" >Disassembly and reassembly of Furniture<\/div><\/header><div class='iconlist_content '  itemprop=\"text\" ><\/div><\/div><footer class=\"entry-footer\"><\/footer><\/article><div class=\"iconlist-timeline\"><\/div><\/li>\n<li><div class='iconlist_icon av-6pvk-f8fe5e551193f2a79862ff5d4be00b3c avia-font-entypo-fontello avia-iconfont avia-font-entypo-fontello'><span class='av-icon-char' data-av_icon='\ue812' data-av_iconfont='entypo-fontello' aria-hidden=\"true\"><\/span><\/div><article class=\"article-icon-entry av-iconlist-empty\"  itemscope=\"itemscope\" itemtype=\"https:\/\/schema.org\/CreativeWork\" ><div class=\"iconlist_content_wrap\"><header class=\"entry-content-header\" aria-label=\"Icon: Packing and unpacking of moved goods\"><div class='av_iconlist_title iconlist_title_small  av_inherit_color'  itemprop=\"headline\" >Packing and unpacking of moved goods<\/div><\/header><div class='iconlist_content '  itemprop=\"text\" ><\/div><\/div><footer class=\"entry-footer\"><\/footer><\/article><div class=\"iconlist-timeline\"><\/div><\/li>\n<li><div class='iconlist_icon av-574q-ad8bdc06f4ef3193ad78c6fe65cef2d6 avia-font-entypo-fontello avia-iconfont avia-font-entypo-fontello'><span class='av-icon-char' data-av_icon='\ue812' data-av_iconfont='entypo-fontello' aria-hidden=\"true\"><\/span><\/div><article class=\"article-icon-entry av-iconlist-empty\"  itemscope=\"itemscope\" itemtype=\"https:\/\/schema.org\/CreativeWork\" ><div class=\"iconlist_content_wrap\"><header class=\"entry-content-header\" aria-label=\"Icon: Provision of packing material\"><div class='av_iconlist_title iconlist_title_small  av_inherit_color'  itemprop=\"headline\" >Provision of packing material<\/div><\/header><div class='iconlist_content '  itemprop=\"text\" ><\/div><\/div><footer class=\"entry-footer\"><\/footer><\/article><div class=\"iconlist-timeline\"><\/div><\/li>\n<li><div class='iconlist_icon av-3jby-edf65d4b9c966bd7e8bb2bcc79209f65 avia-font-entypo-fontello avia-iconfont avia-font-entypo-fontello'><span class='av-icon-char' data-av_icon='\ue812' data-av_iconfont='entypo-fontello' aria-hidden=\"true\"><\/span><\/div><article class=\"article-icon-entry av-iconlist-empty\"  itemscope=\"itemscope\" itemtype=\"https:\/\/schema.org\/CreativeWork\" ><div class=\"iconlist_content_wrap\"><header class=\"entry-content-header\" aria-label=\"Icon: Storage space\"><div class='av_iconlist_title iconlist_title_small  av_inherit_color'  itemprop=\"headline\" >Storage space<\/div><\/header><div class='iconlist_content '  itemprop=\"text\" ><\/div><\/div><footer class=\"entry-footer\"><\/footer><\/article><div class=\"iconlist-timeline\"><\/div><\/li>\n<\/ul><\/div><\/p><\/div>\n<style type=\"text\/css\" data-created_by=\"avia_inline_auto\" id=\"style-css-av-3auo-4e5072c17b227769053b591bb004027b\">\n.flex_column.av-3auo-4e5072c17b227769053b591bb004027b{\nborder-radius:0px 0px 0px 0px;\npadding:0px 0px 0px 0px;\n}\n<\/style>\n<div  class='flex_column av-3auo-4e5072c17b227769053b591bb004027b av_one_third  avia-builder-el-8  el_after_av_two_third  el_before_av_one_half  flex_column_div av-zero-column-padding  '     ><style type=\"text\/css\" data-created_by=\"avia_inline_auto\" id=\"style-css-av-jtu5f0ef-521f8427de0380f48c3db263f9146e76\">\n.avia-image-container.av-jtu5f0ef-521f8427de0380f48c3db263f9146e76 img.avia_image{\nbox-shadow:none;\n}\n.avia-image-container.av-jtu5f0ef-521f8427de0380f48c3db263f9146e76 .av-image-caption-overlay-center{\ncolor:#ffffff;\n}\n<\/style>\n<div  class='avia-image-container av-jtu5f0ef-521f8427de0380f48c3db263f9146e76 av-styling- avia-align-center  avia-builder-el-9  avia-builder-el-no-sibling '   itemprop=\"image\" itemscope=\"itemscope\" itemtype=\"https:\/\/schema.org\/ImageObject\" ><div class=\"avia-image-container-inner\"><div class=\"avia-image-overlay-wrap\"><img decoding=\"async\" fetchpriority=\"high\" class='wp-image-547 avia-img-lazy-loading-not-547 avia_image ' src=\"https:\/\/demenager-bruxelles.be\/wp-content\/uploads\/sites\/11\/2021\/05\/25years_lauriers.png\" alt='' title='25years_lauriers'  height=\"204\" width=\"260\"  itemprop=\"thumbnailUrl\"  \/><\/div><\/div><\/div><\/div><div class='flex_column_table av-m7hgcnlw-96b77862a6b41949427103e07aec7f4d sc-av_one_half av-equal-height-column-flextable'><div  class='flex_column av-m7hgcnlw-96b77862a6b41949427103e07aec7f4d av_one_half  avia-builder-el-10  el_after_av_one_third  el_before_av_one_half  first flex_column_table_cell av-equal-height-column av-align-middle  column-top-margin'     ><style type=\"text\/css\" data-created_by=\"avia_inline_auto\" id=\"style-css-av-m7hgc774-55681054208d275c4b3c0537b3fc1f0e\">\n.avia-image-container.av-m7hgc774-55681054208d275c4b3c0537b3fc1f0e img.avia_image{\nbox-shadow:none;\n}\n.avia-image-container.av-m7hgc774-55681054208d275c4b3c0537b3fc1f0e .av-image-caption-overlay-center{\ncolor:#ffffff;\n}\n<\/style>\n<div  class='avia-image-container av-m7hgc774-55681054208d275c4b3c0537b3fc1f0e av-styling- avia-align-center  avia-builder-el-11  avia-builder-el-no-sibling '   itemprop=\"image\" itemscope=\"itemscope\" itemtype=\"https:\/\/schema.org\/ImageObject\" ><div class=\"avia-image-container-inner\"><div class=\"avia-image-overlay-wrap\"><img decoding=\"async\" fetchpriority=\"high\" class='wp-image-761 avia-img-lazy-loading-not-761 avia_image ' src=\"https:\/\/demenager-bruxelles.be\/wp-content\/uploads\/sites\/11\/2025\/02\/FR-NL-demenageurs-cbd-agree-2048x898-1.jpg\" alt='Logo officiel certifiant un d\u00e9m\u00e9nageur agr\u00e9\u00e9 par l\u2019ABD-BKV, avec une illustration stylis\u00e9e d\u2019un d\u00e9m\u00e9nageur portant une charge et le texte \u201cd\u00e9m\u00e9nageur agr\u00e9\u00e9 \/ erkend verhuizer\u201d, soulignant l\u2019agr\u00e9ment professionnel.' title='FR-NL-demenageurs-cbd-agree-2048x898'  height=\"898\" width=\"2048\"  itemprop=\"thumbnailUrl\" srcset=\"https:\/\/demenager-bruxelles.be\/wp-content\/uploads\/sites\/11\/2025\/02\/FR-NL-demenageurs-cbd-agree-2048x898-1.jpg 2048w, https:\/\/demenager-bruxelles.be\/wp-content\/uploads\/sites\/11\/2025\/02\/FR-NL-demenageurs-cbd-agree-2048x898-1-300x132.jpg 300w, https:\/\/demenager-bruxelles.be\/wp-content\/uploads\/sites\/11\/2025\/02\/FR-NL-demenageurs-cbd-agree-2048x898-1-1030x452.jpg 1030w, https:\/\/demenager-bruxelles.be\/wp-content\/uploads\/sites\/11\/2025\/02\/FR-NL-demenageurs-cbd-agree-2048x898-1-768x337.jpg 768w, https:\/\/demenager-bruxelles.be\/wp-content\/uploads\/sites\/11\/2025\/02\/FR-NL-demenageurs-cbd-agree-2048x898-1-1536x674.jpg 1536w, https:\/\/demenager-bruxelles.be\/wp-content\/uploads\/sites\/11\/2025\/02\/FR-NL-demenageurs-cbd-agree-2048x898-1-1500x658.jpg 1500w, https:\/\/demenager-bruxelles.be\/wp-content\/uploads\/sites\/11\/2025\/02\/FR-NL-demenageurs-cbd-agree-2048x898-1-705x309.jpg 705w\" sizes=\"(max-width: 2048px) 100vw, 2048px\" \/><\/div><\/div><\/div><\/div><div class='av-flex-placeholder'><\/div><div  class='flex_column av-av_one_half-5ebb9248fb9c120f6665341cb151d4ce av_one_half  avia-builder-el-12  el_after_av_one_half  avia-builder-el-last  flex_column_table_cell av-equal-height-column av-align-middle  column-top-margin'     ><style type=\"text\/css\" data-created_by=\"avia_inline_auto\" id=\"style-css-av-m7hgcgf5-fdec11adb026062f3c839070dccc6c50\">\n.avia-image-container.av-m7hgcgf5-fdec11adb026062f3c839070dccc6c50 img.avia_image{\nbox-shadow:none;\n}\n.avia-image-container.av-m7hgcgf5-fdec11adb026062f3c839070dccc6c50 .av-image-caption-overlay-center{\ncolor:#ffffff;\n}\n<\/style>\n<div  class='avia-image-container av-m7hgcgf5-fdec11adb026062f3c839070dccc6c50 av-styling- avia-align-center  avia-builder-el-13  avia-builder-el-no-sibling '   itemprop=\"image\" itemscope=\"itemscope\" itemtype=\"https:\/\/schema.org\/ImageObject\" ><div class=\"avia-image-container-inner\"><div class=\"avia-image-overlay-wrap\"><img decoding=\"async\" fetchpriority=\"high\" class='wp-image-752 avia-img-lazy-loading-not-752 avia_image ' src=\"https:\/\/demenager-bruxelles.be\/wp-content\/uploads\/sites\/11\/2025\/02\/CBD-logo_lift-service_FR.jpg\" alt='Logo officiel certifiant un service lift agr\u00e9\u00e9 par le CBD, avec une illustration stylis\u00e9e d\u2019un monte-meubles transportant une charge et le texte \u201cservice lift cbd agr\u00e9\u00e9\u201d, mettant en avant l\u2019agr\u00e9ment professionnel.' title='CBD-logo_lift-service_FR'  height=\"531\" width=\"1066\"  itemprop=\"thumbnailUrl\" srcset=\"https:\/\/demenager-bruxelles.be\/wp-content\/uploads\/sites\/11\/2025\/02\/CBD-logo_lift-service_FR.jpg 1066w, https:\/\/demenager-bruxelles.be\/wp-content\/uploads\/sites\/11\/2025\/02\/CBD-logo_lift-service_FR-300x149.jpg 300w, https:\/\/demenager-bruxelles.be\/wp-content\/uploads\/sites\/11\/2025\/02\/CBD-logo_lift-service_FR-1030x513.jpg 1030w, https:\/\/demenager-bruxelles.be\/wp-content\/uploads\/sites\/11\/2025\/02\/CBD-logo_lift-service_FR-768x383.jpg 768w, https:\/\/demenager-bruxelles.be\/wp-content\/uploads\/sites\/11\/2025\/02\/CBD-logo_lift-service_FR-705x351.jpg 705w\" sizes=\"(max-width: 1066px) 100vw, 1066px\" \/><\/div><\/div><\/div><\/div><\/div><!--close column table wrapper. Autoclose: 1 -->\n","protected":false},"excerpt":{"rendered":"","protected":false},"author":2,"featured_media":0,"parent":0,"menu_order":0,"comment_status":"closed","ping_status":"open","template":"","meta":{"_exactmetrics_skip_tracking":false,"_exactmetrics_sitenote_active":false,"_exactmetrics_sitenote_note":"","_exactmetrics_sitenote_category":0,"footnotes":""},"class_list":["post-359","page","type-page","status-publish","hentry"],"yoast_head":"<!-- This site is optimized with the Yoast SEO plugin v27.4 - https:\/\/yoast.com\/product\/yoast-seo-wordpress\/ -->\n<title>Removals and furniture Lift services - Euro Lift Express<\/title>\n<meta name=\"robots\" content=\"index, follow, max-snippet:-1, max-image-preview:large, max-video-preview:-1\" \/>\n<link rel=\"canonical\" href=\"https:\/\/demenager-bruxelles.be\/en\/\" \/>\n<meta property=\"og:locale\" content=\"en_US\" \/>\n<meta property=\"og:type\" content=\"article\" \/>\n<meta property=\"og:title\" content=\"Removals and furniture Lift services - Euro Lift Express\" \/>\n<meta property=\"og:url\" content=\"https:\/\/demenager-bruxelles.be\/en\/\" \/>\n<meta property=\"og:site_name\" content=\"Euro Lift Express\" \/>\n<meta property=\"article:modified_time\" content=\"2025-02-23T09:55:05+00:00\" \/>\n<meta name=\"twitter:card\" content=\"summary_large_image\" \/>\n<meta name=\"twitter:label1\" content=\"Est. reading time\" \/>\n\t<meta name=\"twitter:data1\" content=\"2 minutes\" \/>\n<script type=\"application\/ld+json\" class=\"yoast-schema-graph\">{\"@context\":\"https:\\\/\\\/schema.org\",\"@graph\":[{\"@type\":\"WebPage\",\"@id\":\"https:\\\/\\\/demenager-bruxelles.be\\\/en\\\/\",\"url\":\"https:\\\/\\\/demenager-bruxelles.be\\\/en\\\/\",\"name\":\"Removals and furniture Lift services - Euro Lift Express\",\"isPartOf\":{\"@id\":\"https:\\\/\\\/demenager-bruxelles.be\\\/#website\"},\"datePublished\":\"2019-05-28T12:25:56+00:00\",\"dateModified\":\"2025-02-23T09:55:05+00:00\",\"breadcrumb\":{\"@id\":\"https:\\\/\\\/demenager-bruxelles.be\\\/en\\\/#breadcrumb\"},\"inLanguage\":\"en-US\",\"potentialAction\":[{\"@type\":\"ReadAction\",\"target\":[\"https:\\\/\\\/demenager-bruxelles.be\\\/en\\\/\"]}]},{\"@type\":\"BreadcrumbList\",\"@id\":\"https:\\\/\\\/demenager-bruxelles.be\\\/en\\\/#breadcrumb\",\"itemListElement\":[{\"@type\":\"ListItem\",\"position\":1,\"name\":\"Accueil\",\"item\":\"https:\\\/\\\/demenager-bruxelles.be\\\/en\\\/\"},{\"@type\":\"ListItem\",\"position\":2,\"name\":\"Removals and furniture Lift services\"}]},{\"@type\":\"WebSite\",\"@id\":\"https:\\\/\\\/demenager-bruxelles.be\\\/#website\",\"url\":\"https:\\\/\\\/demenager-bruxelles.be\\\/\",\"name\":\"Euro Lift Express\",\"description\":\"D\u00e9m\u00e9nagement et Lift\",\"potentialAction\":[{\"@type\":\"SearchAction\",\"target\":{\"@type\":\"EntryPoint\",\"urlTemplate\":\"https:\\\/\\\/demenager-bruxelles.be\\\/?s={search_term_string}\"},\"query-input\":{\"@type\":\"PropertyValueSpecification\",\"valueRequired\":true,\"valueName\":\"search_term_string\"}}],\"inLanguage\":\"en-US\"}]}<\/script>\n<!-- \/ Yoast SEO plugin. -->","yoast_head_json":{"title":"Removals and furniture Lift services - Euro Lift Express","robots":{"index":"index","follow":"follow","max-snippet":"max-snippet:-1","max-image-preview":"max-image-preview:large","max-video-preview":"max-video-preview:-1"},"canonical":"https:\/\/demenager-bruxelles.be\/en\/","og_locale":"en_US","og_type":"article","og_title":"Removals and furniture Lift services - Euro Lift Express","og_url":"https:\/\/demenager-bruxelles.be\/en\/","og_site_name":"Euro Lift Express","article_modified_time":"2025-02-23T09:55:05+00:00","twitter_card":"summary_large_image","twitter_misc":{"Est. reading time":"2 minutes"},"schema":{"@context":"https:\/\/schema.org","@graph":[{"@type":"WebPage","@id":"https:\/\/demenager-bruxelles.be\/en\/","url":"https:\/\/demenager-bruxelles.be\/en\/","name":"Removals and furniture Lift services - Euro Lift Express","isPartOf":{"@id":"https:\/\/demenager-bruxelles.be\/#website"},"datePublished":"2019-05-28T12:25:56+00:00","dateModified":"2025-02-23T09:55:05+00:00","breadcrumb":{"@id":"https:\/\/demenager-bruxelles.be\/en\/#breadcrumb"},"inLanguage":"en-US","potentialAction":[{"@type":"ReadAction","target":["https:\/\/demenager-bruxelles.be\/en\/"]}]},{"@type":"BreadcrumbList","@id":"https:\/\/demenager-bruxelles.be\/en\/#breadcrumb","itemListElement":[{"@type":"ListItem","position":1,"name":"Accueil","item":"https:\/\/demenager-bruxelles.be\/en\/"},{"@type":"ListItem","position":2,"name":"Removals and furniture Lift services"}]},{"@type":"WebSite","@id":"https:\/\/demenager-bruxelles.be\/#website","url":"https:\/\/demenager-bruxelles.be\/","name":"Euro Lift Express","description":"D\u00e9m\u00e9nagement et Lift","potentialAction":[{"@type":"SearchAction","target":{"@type":"EntryPoint","urlTemplate":"https:\/\/demenager-bruxelles.be\/?s={search_term_string}"},"query-input":{"@type":"PropertyValueSpecification","valueRequired":true,"valueName":"search_term_string"}}],"inLanguage":"en-US"}]}},"_links":{"self":[{"href":"https:\/\/demenager-bruxelles.be\/en\/wp-json\/wp\/v2\/pages\/359","targetHints":{"allow":["GET"]}}],"collection":[{"href":"https:\/\/demenager-bruxelles.be\/en\/wp-json\/wp\/v2\/pages"}],"about":[{"href":"https:\/\/demenager-bruxelles.be\/en\/wp-json\/wp\/v2\/types\/page"}],"author":[{"embeddable":true,"href":"https:\/\/demenager-bruxelles.be\/en\/wp-json\/wp\/v2\/users\/2"}],"replies":[{"embeddable":true,"href":"https:\/\/demenager-bruxelles.be\/en\/wp-json\/wp\/v2\/comments?post=359"}],"version-history":[{"count":16,"href":"https:\/\/demenager-bruxelles.be\/en\/wp-json\/wp\/v2\/pages\/359\/revisions"}],"predecessor-version":[{"id":785,"href":"https:\/\/demenager-bruxelles.be\/en\/wp-json\/wp\/v2\/pages\/359\/revisions\/785"}],"wp:attachment":[{"href":"https:\/\/demenager-bruxelles.be\/en\/wp-json\/wp\/v2\/media?parent=359"}],"curies":[{"name":"wp","href":"https:\/\/api.w.org\/{rel}","templated":true}]}}